{"id":1015,"date":"2025-09-03T07:27:56","date_gmt":"2025-09-03T07:27:56","guid":{"rendered":"https:\/\/www.kmt.ch\/?page_id=1015"},"modified":"2025-09-04T06:08:02","modified_gmt":"2025-09-04T06:08:02","slug":"compliance","status":"publish","type":"page","link":"https:\/\/www.kmt.ch\/?page_id=1015","title":{"rendered":"Compliance"},"content":{"rendered":"<div class=\"fusion-fullwidth fullwidth-box fusion-builder-row-1 fusion-flex-container has-pattern-background has-mask-background nonhundred-percent-fullwidth non-hundred-percent-height-scrolling\" style=\"--awb-border-radius-top-left:0px;--awb-border-radius-top-right:0px;--awb-border-radius-bottom-right:0px;--awb-border-radius-bottom-left:0px;--awb-flex-wrap:wrap;\" ><div class=\"fusion-builder-row fusion-row fusion-flex-align-items-flex-start fusion-flex-content-wrap\" style=\"max-width:1248px;margin-left: calc(-4% \/ 2 );margin-right: calc(-4% \/ 2 );\"><div class=\"fusion-layout-column fusion_builder_column fusion-builder-column-0 fusion_builder_column_1_1 1_1 fusion-flex-column\" style=\"--awb-bg-size:cover;--awb-width-large:100%;--awb-margin-top-large:0px;--awb-spacing-right-large:1.92%;--awb-margin-bottom-large:20px;--awb-spacing-left-large:1.92%;--awb-width-medium:100%;--awb-order-medium:0;--awb-spacing-right-medium:1.92%;--awb-spacing-left-medium:1.92%;--awb-width-small:100%;--awb-order-small:0;--awb-spacing-right-small:1.92%;--awb-spacing-left-small:1.92%;\"><div class=\"fusion-column-wrapper fusion-column-has-shadow fusion-flex-justify-content-flex-start fusion-content-layout-column\"><div class=\"fusion-text fusion-text-1\"><h5><\/h5>\n<h2>Compliance<\/h2>\n<h3>Code of Compliance<\/h3>\n<p>Gegenseitiges Vertrauen, Berechenbarkeit, Ehrlichkeit und Geradlinigkeit nach innen und aussen sind feste Grundprinzipien der W\u00fcrth-Gruppe, zu der auch die\u00a0 KMT AG geh\u00f6rt. Das Bekenntnis zu diesen Werten hat Prof. Dr. h. c. mult. Reinhold W\u00fcrth bereits in den 1970er Jahren in der Firmenphilosophie verankert. Diese ist bis heute die Grundlage f\u00fcr das integre Verhalten im Umgang miteinander sowie mit Kunden, Lieferanten und sonstigen Gesch\u00e4ftspartnern.<\/p>\n<p>Der Code of Compliance der W\u00fcrth-Gruppe fordert nicht nur die Einhaltung aller geltenden Regeln und Gesetze, er vermittelt den Mitarbeitenden auch eine Haltung, die ein wesentlicher Baustein f\u00fcr den nachhaltigen Unternehmenserfolg der W\u00fcrth-Gruppe ist.<u><\/u><\/p>\n<p style=\"text-align: center;\"><a href=\"https:\/\/www.kmt.ch\/wp-content\/uploads\/2023\/11\/Supplier-CoC_KMT_DE_2023.pdf\" target=\"_blank\" rel=\"noopener\"><strong>Supplier Code of Conduct KMT\u00a0<\/strong><\/a><\/p>\n<p style=\"text-align: center;\"><strong><a href=\"https:\/\/www.wurth-international.com\/downloads\/Compliance\/Code-of-Compliance.pdf\">Code of Compliance W\u00fcrth<\/a><\/strong><\/p>\n<h3>Speak Up &#8211; Reporting Hotline<\/h3>\n<p>Mit dem Bekenntnis zum Code of Compliance macht die W\u00fcrth-Gruppe klar: Die Mitarbeitenden verhalten sich jederzeit integer im Umgang miteinander sowie mit Kunden, Lieferanten und sonstigen Gesch\u00e4ftspartnern. Hinweise zu m\u00f6glichen Compliance-Verst\u00f6ssen k\u00f6nnen vertraulich \u00fcber unser Speak Up System abgegeben werden.<\/p>\n<p style=\"text-align: center;\"><strong><a href=\"https:\/\/www.bkms-system.net\/bkwebanon\/report\/clientInfo?cin=07WUE13&amp;c=-1&amp;language=eng\" target=\"_blank\" rel=\"noopener\"><u>Speak up<\/u><\/a><\/strong><\/p>\n<h3>Lieferkettengesetz &#8211; Meldung von Verst\u00f6ssen gegen das Lieferkettensorgfaltspflichtgesetz (LkSG)<\/h3>\n<p style=\"text-align: center;\"><strong><a href=\"https:\/\/www.wurth-international.com\/wurth-international-group\/Wuerth-International-Gruppe\/Compliance\/start.php\" target=\"_blank\" rel=\"noopener\"><u>LkSG Meldesystem<\/u><\/a><\/strong><\/p>\n<\/div><\/div><\/div><\/div><\/div>\n","protected":false},"excerpt":{"rendered":"","protected":false},"author":1,"featured_media":0,"parent":0,"menu_order":0,"comment_status":"closed","ping_status":"closed","template":"100-width.php","meta":{"footnotes":""},"class_list":["post-1015","page","type-page","status-publish","hentry"],"_links":{"self":[{"href":"https:\/\/www.kmt.ch\/index.php?rest_route=\/wp\/v2\/pages\/1015","targetHints":{"allow":["GET"]}}],"collection":[{"href":"https:\/\/www.kmt.ch\/index.php?rest_route=\/wp\/v2\/pages"}],"about":[{"href":"https:\/\/www.kmt.ch\/index.php?rest_route=\/wp\/v2\/types\/page"}],"author":[{"embeddable":true,"href":"https:\/\/www.kmt.ch\/index.php?rest_route=\/wp\/v2\/users\/1"}],"replies":[{"embeddable":true,"href":"https:\/\/www.kmt.ch\/index.php?rest_route=%2Fwp%2Fv2%2Fcomments&post=1015"}],"version-history":[{"count":21,"href":"https:\/\/www.kmt.ch\/index.php?rest_route=\/wp\/v2\/pages\/1015\/revisions"}],"predecessor-version":[{"id":1048,"href":"https:\/\/www.kmt.ch\/index.php?rest_route=\/wp\/v2\/pages\/1015\/revisions\/1048"}],"wp:attachment":[{"href":"https:\/\/www.kmt.ch\/index.php?rest_route=%2Fwp%2Fv2%2Fmedia&parent=1015"}],"curies":[{"name":"wp","href":"https:\/\/api.w.org\/{rel}","templated":true}]}}