{"id":182,"date":"2023-10-12T09:22:26","date_gmt":"2023-10-12T09:22:26","guid":{"rendered":"https:\/\/www.kmt.ch\/cms\/?page_id=182"},"modified":"2024-07-23T10:01:55","modified_gmt":"2024-07-23T10:01:55","slug":"ueber-uns","status":"publish","type":"page","link":"https:\/\/www.kmt.ch\/?page_id=182","title":{"rendered":"\u00dcber uns"},"content":{"rendered":"<p><div class=\"fusion-fullwidth fullwidth-box fusion-builder-row-1 fusion-flex-container has-pattern-background has-mask-background nonhundred-percent-fullwidth non-hundred-percent-height-scrolling\" style=\"--awb-border-radius-top-left:0px;--awb-border-radius-top-right:0px;--awb-border-radius-bottom-right:0px;--awb-border-radius-bottom-left:0px;--awb-flex-wrap:wrap;\" ><div class=\"fusion-builder-row fusion-row fusion-flex-align-items-flex-start fusion-flex-content-wrap\" style=\"max-width:1248px;margin-left: calc(-4% \/ 2 );margin-right: calc(-4% \/ 2 );\"><div class=\"fusion-layout-column fusion_builder_column fusion-builder-column-0 fusion_builder_column_1_1 1_1 fusion-flex-column\" style=\"--awb-bg-size:cover;--awb-width-large:100%;--awb-margin-top-large:0px;--awb-spacing-right-large:1.92%;--awb-margin-bottom-large:20px;--awb-spacing-left-large:1.92%;--awb-width-medium:100%;--awb-order-medium:0;--awb-spacing-right-medium:1.92%;--awb-spacing-left-medium:1.92%;--awb-width-small:100%;--awb-order-small:0;--awb-spacing-right-small:1.92%;--awb-spacing-left-small:1.92%;\"><div class=\"fusion-column-wrapper fusion-column-has-shadow fusion-flex-justify-content-flex-start fusion-content-layout-column\"><div class=\"fusion-text fusion-text-1\"><h2>\u00dcber uns&#8230;<\/h2>\n<\/div><div class=\"fusion-text fusion-text-2\"><p><span style=\"color: var(--awb-text-color); font-family: var(--awb-text-font-family); font-size: 21px; font-style: var(--awb-text-font-style); font-weight: var(--awb-text-font-weight); letter-spacing: var(--awb-letter-spacing); text-align: var(--awb-content-alignment); text-transform: var(--awb-text-transform); background-color: var(--awb-bg-color-hover);\" data-fusion-font=\"true\">Bereits seit 1987 steht die KMT f\u00fcr innovative L\u00f6sungen und Dienstleistungen im Bereich der Massenproduktion von Kunststoffteilen. Kunden aus den unterschiedlichsten Branchen vertrauen auf technisch anspruchsvolle Spritzgussteile in grossen Serien. Unsere besonderen St\u00e4rken liegen in der Verarbeitung von thermoplastischen Kunststoffen, Elastomeren und Hochleistungskunststoffen. Die \u00dcbernahme von anstehenden oder bereits laufenden Produktionen mit bestehenden Werkzeugen sind f\u00fcr uns, dank k\u00fcrzester Reaktionszeiten, schnell umsetzbar. KMT steht f\u00fcr h\u00f6chste Flexibilit\u00e4t, Qualit\u00e4t und Zuverl\u00e4ssigkeit.<\/span><\/p>\n<\/div><\/div><\/div><\/div><\/div><div class=\"fusion-fullwidth fullwidth-box fusion-builder-row-2 fusion-flex-container has-pattern-background has-mask-background nonhundred-percent-fullwidth non-hundred-percent-height-scrolling\" style=\"--awb-border-radius-top-left:0px;--awb-border-radius-top-right:0px;--awb-border-radius-bottom-right:0px;--awb-border-radius-bottom-left:0px;--awb-flex-wrap:wrap;\" ><div class=\"fusion-builder-row fusion-row fusion-flex-align-items-flex-start fusion-flex-content-wrap\" style=\"max-width:1248px;margin-left: calc(-4% \/ 2 );margin-right: calc(-4% \/ 2 );\"><div class=\"fusion-layout-column fusion_builder_column fusion-builder-column-1 fusion_builder_column_1_1 1_1 fusion-flex-column\" style=\"--awb-bg-size:cover;--awb-width-large:100%;--awb-margin-top-large:0px;--awb-spacing-right-large:1.92%;--awb-margin-bottom-large:0px;--awb-spacing-left-large:1.92%;--awb-width-medium:100%;--awb-order-medium:0;--awb-spacing-right-medium:1.92%;--awb-spacing-left-medium:1.92%;--awb-width-small:100%;--awb-order-small:0;--awb-spacing-right-small:1.92%;--awb-spacing-left-small:1.92%;\"><div class=\"fusion-column-wrapper fusion-column-has-shadow fusion-flex-justify-content-flex-start fusion-content-layout-column\"><div class=\"awb-gallery-wrapper awb-gallery-wrapper-1 button-span-no\" style=\"--more-btn-alignment:center;\"><div style=\"margin:-5px;--awb-bordersize:0px;\" class=\"fusion-gallery fusion-gallery-container fusion-grid-3 fusion-columns-total-6 fusion-gallery-layout-grid fusion-gallery-1\"><div style=\"padding:5px;\" class=\"fusion-grid-column fusion-gallery-column fusion-gallery-column-3 hover-type-none\"><div class=\"fusion-gallery-image\"><img decoding=\"async\" src=\"https:\/\/www.kmt.ch\/wp-content\/uploads\/2023\/10\/B7_klein-460x295.jpg\" width=\"460\" height=\"295\" alt=\"\" title=\"B7_klein\" aria-label=\"B7_klein\" class=\"img-responsive wp-image-38 fusion-gallery-image-size-fixed\"  \/><\/div><\/div><div style=\"padding:5px;\" class=\"fusion-grid-column fusion-gallery-column fusion-gallery-column-3 hover-type-none\"><div class=\"fusion-gallery-image\"><img decoding=\"async\" src=\"https:\/\/www.kmt.ch\/wp-content\/uploads\/2023\/10\/B2-460x295.jpg\" width=\"460\" height=\"295\" alt=\"\" title=\"B2\" aria-label=\"B2\" class=\"img-responsive wp-image-29 fusion-gallery-image-size-fixed\"  \/><\/div><\/div><div style=\"padding:5px;\" class=\"fusion-grid-column fusion-gallery-column fusion-gallery-column-3 hover-type-none\"><div class=\"fusion-gallery-image\"><img decoding=\"async\" src=\"https:\/\/www.kmt.ch\/wp-content\/uploads\/2023\/10\/b3-460x295.jpg\" width=\"460\" height=\"295\" alt=\"\" title=\"b3\" aria-label=\"b3\" class=\"img-responsive wp-image-32 fusion-gallery-image-size-fixed\"  \/><\/div><\/div><div class=\"clearfix\"><\/div><div style=\"padding:5px;\" class=\"fusion-grid-column fusion-gallery-column fusion-gallery-column-3 hover-type-none\"><div class=\"fusion-gallery-image\"><img decoding=\"async\" src=\"https:\/\/www.kmt.ch\/wp-content\/uploads\/2023\/10\/B6-460x295.jpg\" width=\"460\" height=\"295\" alt=\"\" title=\"B6\" aria-label=\"B6\" class=\"img-responsive wp-image-36 fusion-gallery-image-size-fixed\"  \/><\/div><\/div><div style=\"padding:5px;\" class=\"fusion-grid-column fusion-gallery-column fusion-gallery-column-3 hover-type-none\"><div class=\"fusion-gallery-image\"><img decoding=\"async\" src=\"https:\/\/www.kmt.ch\/wp-content\/uploads\/2023\/10\/KMT_SR-460x295.jpg\" width=\"460\" height=\"295\" alt=\"\" title=\"KMT_SR\" aria-label=\"KMT_SR\" class=\"img-responsive wp-image-417 fusion-gallery-image-size-fixed\"  \/><\/div><\/div><div style=\"padding:5px;\" class=\"fusion-grid-column fusion-gallery-column fusion-gallery-column-3 hover-type-none\"><div class=\"fusion-gallery-image\"><img decoding=\"async\" src=\"https:\/\/www.kmt.ch\/wp-content\/uploads\/2023\/10\/B5-460x295.jpg\" width=\"460\" height=\"295\" alt=\"\" title=\"B5\" aria-label=\"B5\" class=\"img-responsive wp-image-34 fusion-gallery-image-size-fixed\"  \/><\/div><\/div><div class=\"clearfix\"><\/div><\/div><\/div><\/div><\/div><\/div><\/div><\/p>\n","protected":false},"excerpt":{"rendered":"","protected":false},"author":1,"featured_media":0,"parent":0,"menu_order":0,"comment_status":"closed","ping_status":"closed","template":"100-width.php","meta":{"footnotes":""},"class_list":["post-182","page","type-page","status-publish","hentry"],"_links":{"self":[{"href":"https:\/\/www.kmt.ch\/index.php?rest_route=\/wp\/v2\/pages\/182","targetHints":{"allow":["GET"]}}],"collection":[{"href":"https:\/\/www.kmt.ch\/index.php?rest_route=\/wp\/v2\/pages"}],"about":[{"href":"https:\/\/www.kmt.ch\/index.php?rest_route=\/wp\/v2\/types\/page"}],"author":[{"embeddable":true,"href":"https:\/\/www.kmt.ch\/index.php?rest_route=\/wp\/v2\/users\/1"}],"replies":[{"embeddable":true,"href":"https:\/\/www.kmt.ch\/index.php?rest_route=%2Fwp%2Fv2%2Fcomments&post=182"}],"version-history":[{"count":15,"href":"https:\/\/www.kmt.ch\/index.php?rest_route=\/wp\/v2\/pages\/182\/revisions"}],"predecessor-version":[{"id":961,"href":"https:\/\/www.kmt.ch\/index.php?rest_route=\/wp\/v2\/pages\/182\/revisions\/961"}],"wp:attachment":[{"href":"https:\/\/www.kmt.ch\/index.php?rest_route=%2Fwp%2Fv2%2Fmedia&parent=182"}],"curies":[{"name":"wp","href":"https:\/\/api.w.org\/{rel}","templated":true}]}}