{"id":184,"date":"2023-10-12T09:22:16","date_gmt":"2023-10-12T09:22:16","guid":{"rendered":"https:\/\/www.kmt.ch\/cms\/?page_id=184"},"modified":"2023-10-26T08:01:24","modified_gmt":"2023-10-26T08:01:24","slug":"team","status":"publish","type":"page","link":"https:\/\/www.kmt.ch\/?page_id=184","title":{"rendered":"Team"},"content":{"rendered":"<div class=\"fusion-fullwidth fullwidth-box fusion-builder-row-1 fusion-flex-container has-pattern-background has-mask-background nonhundred-percent-fullwidth non-hundred-percent-height-scrolling\" style=\"--awb-border-radius-top-left:0px;--awb-border-radius-top-right:0px;--awb-border-radius-bottom-right:0px;--awb-border-radius-bottom-left:0px;--awb-flex-wrap:wrap;\" ><div class=\"fusion-builder-row fusion-row fusion-flex-align-items-flex-start fusion-flex-content-wrap\" style=\"max-width:1248px;margin-left: calc(-4% \/ 2 );margin-right: calc(-4% \/ 2 );\"><div class=\"fusion-layout-column fusion_builder_column fusion-builder-column-0 fusion_builder_column_1_1 1_1 fusion-flex-column\" style=\"--awb-bg-size:cover;--awb-width-large:100%;--awb-margin-top-large:0px;--awb-spacing-right-large:1.92%;--awb-margin-bottom-large:20px;--awb-spacing-left-large:1.92%;--awb-width-medium:100%;--awb-order-medium:0;--awb-spacing-right-medium:1.92%;--awb-spacing-left-medium:1.92%;--awb-width-small:100%;--awb-order-small:0;--awb-spacing-right-small:1.92%;--awb-spacing-left-small:1.92%;\"><div class=\"fusion-column-wrapper fusion-column-has-shadow fusion-flex-justify-content-flex-start fusion-content-layout-column\"><div class=\"fusion-text fusion-text-1\"><h2 style=\"text-align: center;\">Unser motiviertes Team erf\u00fcllt Ihre Auftr\u00e4ge zuverl\u00e4ssig, schnell und kompetent<\/h2>\n<\/div><div class=\"fusion-image-element \" style=\"text-align:center;--awb-caption-title-font-family:var(--h2_typography-font-family);--awb-caption-title-font-weight:var(--h2_typography-font-weight);--awb-caption-title-font-style:var(--h2_typography-font-style);--awb-caption-title-size:var(--h2_typography-font-size);--awb-caption-title-transform:var(--h2_typography-text-transform);--awb-caption-title-line-height:var(--h2_typography-line-height);--awb-caption-title-letter-spacing:var(--h2_typography-letter-spacing);\"><span class=\" fusion-imageframe imageframe-none imageframe-1 hover-type-none\"><img decoding=\"async\" width=\"300\" height=\"200\" title=\"DSC_2457\" src=\"https:\/\/www.kmt.ch\/wp-content\/uploads\/2023\/10\/DSC_2457-300x200.jpg\" alt class=\"img-responsive wp-image-116\" srcset=\"https:\/\/www.kmt.ch\/wp-content\/uploads\/2023\/10\/DSC_2457-200x133.jpg 200w, https:\/\/www.kmt.ch\/wp-content\/uploads\/2023\/10\/DSC_2457-400x267.jpg 400w, https:\/\/www.kmt.ch\/wp-content\/uploads\/2023\/10\/DSC_2457-600x400.jpg 600w, https:\/\/www.kmt.ch\/wp-content\/uploads\/2023\/10\/DSC_2457-800x533.jpg 800w, https:\/\/www.kmt.ch\/wp-content\/uploads\/2023\/10\/DSC_2457-1200x800.jpg 1200w\" sizes=\"(max-width: 640px) 100vw, 1200px\" \/><\/span><\/div><\/div><\/div><\/div><\/div>\n","protected":false},"excerpt":{"rendered":"","protected":false},"author":1,"featured_media":0,"parent":0,"menu_order":0,"comment_status":"closed","ping_status":"closed","template":"100-width.php","meta":{"footnotes":""},"class_list":["post-184","page","type-page","status-publish","hentry"],"_links":{"self":[{"href":"https:\/\/www.kmt.ch\/index.php?rest_route=\/wp\/v2\/pages\/184","targetHints":{"allow":["GET"]}}],"collection":[{"href":"https:\/\/www.kmt.ch\/index.php?rest_route=\/wp\/v2\/pages"}],"about":[{"href":"https:\/\/www.kmt.ch\/index.php?rest_route=\/wp\/v2\/types\/page"}],"author":[{"embeddable":true,"href":"https:\/\/www.kmt.ch\/index.php?rest_route=\/wp\/v2\/users\/1"}],"replies":[{"embeddable":true,"href":"https:\/\/www.kmt.ch\/index.php?rest_route=%2Fwp%2Fv2%2Fcomments&post=184"}],"version-history":[{"count":6,"href":"https:\/\/www.kmt.ch\/index.php?rest_route=\/wp\/v2\/pages\/184\/revisions"}],"predecessor-version":[{"id":618,"href":"https:\/\/www.kmt.ch\/index.php?rest_route=\/wp\/v2\/pages\/184\/revisions\/618"}],"wp:attachment":[{"href":"https:\/\/www.kmt.ch\/index.php?rest_route=%2Fwp%2Fv2%2Fmedia&parent=184"}],"curies":[{"name":"wp","href":"https:\/\/api.w.org\/{rel}","templated":true}]}}