{"id":235,"date":"2023-10-13T09:16:41","date_gmt":"2023-10-13T09:16:41","guid":{"rendered":"https:\/\/www.kmt.ch\/cms\/?page_id=235"},"modified":"2026-02-25T10:29:08","modified_gmt":"2026-02-25T10:29:08","slug":"zertifikate","status":"publish","type":"page","link":"https:\/\/www.kmt.ch\/?page_id=235","title":{"rendered":"Zertifikate"},"content":{"rendered":"<p><div class=\"fusion-fullwidth fullwidth-box fusion-builder-row-1 fusion-flex-container has-pattern-background has-mask-background nonhundred-percent-fullwidth non-hundred-percent-height-scrolling\" style=\"--awb-border-radius-top-left:0px;--awb-border-radius-top-right:0px;--awb-border-radius-bottom-right:0px;--awb-border-radius-bottom-left:0px;--awb-flex-wrap:wrap;\" ><div class=\"fusion-builder-row fusion-row fusion-flex-align-items-flex-start fusion-flex-content-wrap\" style=\"max-width:1248px;margin-left: calc(-4% \/ 2 );margin-right: calc(-4% \/ 2 );\"><div class=\"fusion-layout-column fusion_builder_column fusion-builder-column-0 fusion_builder_column_1_1 1_1 fusion-flex-column\" style=\"--awb-bg-size:cover;--awb-width-large:100%;--awb-margin-top-large:0px;--awb-spacing-right-large:1.92%;--awb-margin-bottom-large:20px;--awb-spacing-left-large:1.92%;--awb-width-medium:100%;--awb-order-medium:0;--awb-spacing-right-medium:1.92%;--awb-spacing-left-medium:1.92%;--awb-width-small:100%;--awb-order-small:0;--awb-spacing-right-small:1.92%;--awb-spacing-left-small:1.92%;\"><div class=\"fusion-column-wrapper fusion-column-has-shadow fusion-flex-justify-content-flex-start fusion-content-layout-column\"><div class=\"fusion-text fusion-text-1\"><h2>Unsere Zertifikate zum Download<\/h2>\n<\/div><\/div><\/div><div class=\"fusion-layout-column fusion_builder_column fusion-builder-column-1 fusion_builder_column_1_1 1_1 fusion-flex-column\" style=\"--awb-bg-size:cover;--awb-width-large:100%;--awb-margin-top-large:0px;--awb-spacing-right-large:1.92%;--awb-margin-bottom-large:20px;--awb-spacing-left-large:1.92%;--awb-width-medium:100%;--awb-order-medium:0;--awb-spacing-right-medium:1.92%;--awb-spacing-left-medium:1.92%;--awb-width-small:100%;--awb-order-small:0;--awb-spacing-right-small:1.92%;--awb-spacing-left-small:1.92%;\"><div class=\"fusion-column-wrapper fusion-column-has-shadow fusion-flex-justify-content-flex-start fusion-content-layout-column\"><div class=\"fusion-text fusion-text-2\"><p style=\"font-size: 21px;\" align=\"justify\" data-fusion-font=\"true\">S\u00e4mtliche KMT-Produkte gen\u00fcgen h\u00f6chsten Anspr\u00fcchen und weisen die entsprechenden Zertifikate aus. Nebst der nachstehenden ISO-Zertifizierung, sind unsere Befestigungsprodukte grunds\u00e4tzlich ETA-zertifiziert und verf\u00fcgen \u2013 wo n\u00f6tig auch \u00fcber Bauzulassungen.<\/p>\n<p><u><a style=\"font-size: 21px; color: var(--awb-color5);\" href=\"https:\/\/www.kmt.ch\/wp-content\/uploads\/2025\/10\/Zertifikat-9001_KMT_2025.pdf\" target=\"_blank\" rel=\"noopener\" data-fusion-font=\"true\">ISO Zertifikat<\/a><\/u><\/p>\n<\/div><div class=\"fusion-image-element \" style=\"--awb-caption-title-font-family:var(--h2_typography-font-family);--awb-caption-title-font-weight:var(--h2_typography-font-weight);--awb-caption-title-font-style:var(--h2_typography-font-style);--awb-caption-title-size:var(--h2_typography-font-size);--awb-caption-title-transform:var(--h2_typography-text-transform);--awb-caption-title-line-height:var(--h2_typography-line-height);--awb-caption-title-letter-spacing:var(--h2_typography-letter-spacing);\"><span class=\" fusion-imageframe imageframe-none imageframe-1 hover-type-none\"><a class=\"fusion-no-lightbox\" href=\"https:\/\/c2ccertified.org\/certified-products\/orsy-system-case\" target=\"_blank\" aria-label=\"c2c\" rel=\"noopener noreferrer\"><img decoding=\"async\" width=\"1024\" height=\"788\" src=\"https:\/\/www.kmt.ch\/wp-content\/uploads\/2024\/05\/c2c-1024x788.png\" alt class=\"img-responsive wp-image-843\" srcset=\"https:\/\/www.kmt.ch\/wp-content\/uploads\/2024\/05\/c2c-200x154.png 200w, https:\/\/www.kmt.ch\/wp-content\/uploads\/2024\/05\/c2c-400x308.png 400w, https:\/\/www.kmt.ch\/wp-content\/uploads\/2024\/05\/c2c-600x462.png 600w, https:\/\/www.kmt.ch\/wp-content\/uploads\/2024\/05\/c2c-800x616.png 800w, https:\/\/www.kmt.ch\/wp-content\/uploads\/2024\/05\/c2c-1200x924.png 1200w, https:\/\/www.kmt.ch\/wp-content\/uploads\/2024\/05\/c2c.png 1321w\" sizes=\"(max-width: 640px) 100vw, 1200px\" \/><\/a><\/span><\/div><\/div><\/div><\/div><\/div><div class=\"fusion-fullwidth fullwidth-box fusion-builder-row-2 fusion-flex-container has-pattern-background has-mask-background nonhundred-percent-fullwidth non-hundred-percent-height-scrolling\" style=\"--awb-border-radius-top-left:0px;--awb-border-radius-top-right:0px;--awb-border-radius-bottom-right:0px;--awb-border-radius-bottom-left:0px;--awb-flex-wrap:wrap;\" ><div class=\"fusion-builder-row fusion-row fusion-flex-align-items-flex-start fusion-flex-content-wrap\" style=\"max-width:1248px;margin-left: calc(-4% \/ 2 );margin-right: calc(-4% \/ 2 );\"><\/div><\/div><\/p>\n","protected":false},"excerpt":{"rendered":"","protected":false},"author":1,"featured_media":0,"parent":0,"menu_order":0,"comment_status":"closed","ping_status":"closed","template":"100-width.php","meta":{"footnotes":""},"class_list":["post-235","page","type-page","status-publish","hentry"],"_links":{"self":[{"href":"https:\/\/www.kmt.ch\/index.php?rest_route=\/wp\/v2\/pages\/235","targetHints":{"allow":["GET"]}}],"collection":[{"href":"https:\/\/www.kmt.ch\/index.php?rest_route=\/wp\/v2\/pages"}],"about":[{"href":"https:\/\/www.kmt.ch\/index.php?rest_route=\/wp\/v2\/types\/page"}],"author":[{"embeddable":true,"href":"https:\/\/www.kmt.ch\/index.php?rest_route=\/wp\/v2\/users\/1"}],"replies":[{"embeddable":true,"href":"https:\/\/www.kmt.ch\/index.php?rest_route=%2Fwp%2Fv2%2Fcomments&post=235"}],"version-history":[{"count":18,"href":"https:\/\/www.kmt.ch\/index.php?rest_route=\/wp\/v2\/pages\/235\/revisions"}],"predecessor-version":[{"id":1062,"href":"https:\/\/www.kmt.ch\/index.php?rest_route=\/wp\/v2\/pages\/235\/revisions\/1062"}],"wp:attachment":[{"href":"https:\/\/www.kmt.ch\/index.php?rest_route=%2Fwp%2Fv2%2Fmedia&parent=235"}],"curies":[{"name":"wp","href":"https:\/\/api.w.org\/{rel}","templated":true}]}}