{"id":384,"date":"2023-10-17T10:13:13","date_gmt":"2023-10-17T10:13:13","guid":{"rendered":"https:\/\/www.kmt.ch\/cms\/?page_id=384"},"modified":"2025-09-04T06:33:10","modified_gmt":"2025-09-04T06:33:10","slug":"datenschutz","status":"publish","type":"page","link":"https:\/\/www.kmt.ch\/?page_id=384","title":{"rendered":"Datenschutz"},"content":{"rendered":"<div class=\"fusion-fullwidth fullwidth-box fusion-builder-row-1 fusion-flex-container has-pattern-background has-mask-background nonhundred-percent-fullwidth non-hundred-percent-height-scrolling\" style=\"--awb-border-radius-top-left:0px;--awb-border-radius-top-right:0px;--awb-border-radius-bottom-right:0px;--awb-border-radius-bottom-left:0px;--awb-flex-wrap:wrap;\" ><div class=\"fusion-builder-row fusion-row fusion-flex-align-items-flex-start fusion-flex-content-wrap\" style=\"max-width:1248px;margin-left: calc(-4% \/ 2 );margin-right: calc(-4% \/ 2 );\"><div class=\"fusion-layout-column fusion_builder_column fusion-builder-column-0 fusion_builder_column_1_1 1_1 fusion-flex-column\" style=\"--awb-bg-size:cover;--awb-width-large:100%;--awb-margin-top-large:0px;--awb-spacing-right-large:1.92%;--awb-margin-bottom-large:20px;--awb-spacing-left-large:1.92%;--awb-width-medium:100%;--awb-order-medium:0;--awb-spacing-right-medium:1.92%;--awb-spacing-left-medium:1.92%;--awb-width-small:100%;--awb-order-small:0;--awb-spacing-right-small:1.92%;--awb-spacing-left-small:1.92%;\"><div class=\"fusion-column-wrapper fusion-column-has-shadow fusion-flex-justify-content-flex-start fusion-content-layout-column\"><div class=\"fusion-text fusion-text-1\"><h3>Datenschutzerkl\u00e4rung<\/h3>\n<p>Der Schutz Ihrer Daten sowie Ihrer Privatsph\u00e4re ist uns wichtig. Um Ihnen unsere Dienstleistungen bereitstellen und unsere Website betreiben zu k\u00f6nnen, m\u00fcssen wir u.a. jedoch auch personenbezogene Daten verarbeiten. Eine solche Verarbeitung erfolgt stets vertraulich und gem\u00e4ss den gesetzlichen Bestimmungen. Nachstehend informieren wir Sie \u00fcber aktuelle gesetzliche Datenschutzbestimmungen, den Zweck und die Art der Verarbeitung Ihrer Daten sowie \u00fcber Ihre Rechte und M\u00f6glichkeiten.<\/p>\n<p>INDEM SIE DIESE WEBSITE BESUCHEN UND NUTZEN, ERKL\u00c4REN SIE SICH DAMIT EINVERSTANDEN, DASS \u2013 WIE IN DIESER DATENSCHUTZERKL\u00c4RUNG BESCHRIEBEN \u2013 INFORMATIONEN GESAMMELT UND VERWENDET WERDEN. SIE ERKENNEN AUSSERDEM AN, DASS DIE KMT KUNSTSTOFF- UND METALLTEILE AG (NACHFOLGEND \u00abKMT\u00bb) DIESE DATENSCHUTZERKL\u00c4RUNG IN GEWISSEN ABST\u00c4NDEN NACH EIGENEM ERMESSEN UND OHNE VORHERIGE ANK\u00dcNDIGUNG \u00c4NDERN, ERG\u00c4NZEN, ENTFERNEN ODER IN ANDERER WEISE \u00dcBERARBEITEN KANN.<\/p>\n<h4>1. Allgemeine Hinweise und Pflichtinformationen<\/h4>\n<p><strong>Datenschutz<\/strong><br \/>\nDer Begriff \u201ePersonendaten\u201c im Sinne dieser Datenschutzerkl\u00e4rung umfasst s\u00e4mtliche Informationen, welche sich auf eine bestimmte oder bestimmbare nat\u00fcrliche Person beziehen, wie bspw. Name, Geburtsdatum, E-Mail-Adresse, Postanschrift oder Telefonnummer. Grunds\u00e4tzlich werden wir Ihre Personendaten nur zu dem in dieser Datenschutzerkl\u00e4rung jeweils angegeben Zweck verwenden. Wir behalten uns jedoch vor, diese Daten zus\u00e4tzlichen Verwendungen zuzuf\u00fchren, soweit dies gesetzlich zul\u00e4ssig bzw. vorgeschrieben oder zur Unterst\u00fctzung juristischer oder kriminalistischer Untersuchungen erforderlich ist.<\/p>\n<p><strong>Verwendungszweck pers\u00f6nlicher Daten<\/strong><br \/>\nDer Zweck der gesamten Website der KMT dient ausschliesslich dazu, Sie \u00fcber unser Unternehmen, die W\u00fcrth-Gruppe und unsere Aktivit\u00e4ten, Produkte und Dienstleistungen zu informieren. Sofern auf dieser Website pers\u00f6nliche Daten erhoben werden, werden diese demnach ausschliesslich zu Ihrer individuellen Betreuung, der von Ihnen gew\u00fcnschten \u00dcbersendung von Produktinformationen oder Ihrer Nachfrage von Angeboten gespeichert, verarbeitet und ggf. an W\u00fcrth Konzernunternehmen weitergegeben.<\/p>\n<p>Ihre pers\u00f6nlichen Daten werden nicht an Dritte verkauft oder anderweitig verbreitet, sofern dies nicht zur Erf\u00fcllung eines in dieser Datenschutzerkl\u00e4rung genannten Zweckes erforderlich ist. Eine Weitergabe an eine andere Konzerngesellschaft oder an Dritte kann u.a. dann erforderlich sein, wenn diese f\u00fcr uns oder in unserem Namen handeln, um die Daten gem\u00e4ss dem Zweck\/den Zwecken, f\u00fcr die die Daten urspr\u00fcnglich erhoben wurden, oder zu anderen rechtlich zul\u00e4ssigen Zwecken verarbeiten, um bspw. Service oder technischen Support bereitstellen zu k\u00f6nnen oder zwecks Marketing oder Datenmanagement. Ist eine Weitergabe an eine andere Konzerngesellschaft oder an Dritte erforderlich, werden diese entsprechend zur Einhaltung dieser Datenschutzerkl\u00e4rung und der geltenden gesetzlichen Datenschutzbestimmungen verpflichtet.<\/p>\n<p>Die KMT sichert zu, dass Ihre Angaben vertraulich und den geltenden datenschutzrechtlichen Bestimmungen entsprechend behandelt werden.<\/p>\n<p><strong>Datentransfer ins Ausland<\/strong><br \/>\nSollte eine \u00dcbermittlung von Personendaten ins Ausland \u2013 bspw. an eine Konzerngesellschaft \u2013 erforderlich werden, so geschieht dies unter Ber\u00fccksichtigung aller datenschutzrechtlichen Anforderungen und ausschliesslich zur Erf\u00fcllung eines oben genannten Zweckes, sofern dem keine \u00fcbergeordneten schutzw\u00fcrdigen Interessen des Betroffenen entgegenstehen. Besteht gegebenenfalls die Absicht, personenbezogene Daten an ein Drittland oder eine internationale Organisation zu \u00fcbermitteln, findet die Daten\u00fcbermittlung auf der Grundlage eines Angemessenheitsbeschlusses statt. Sollte dennoch eine Daten\u00fcbermittlung stattfinden, verweisen wir darauf, dass geeignete Garantien oder verbindliche interne Datenschutzvorschriften vorliegen.<\/p>\n<p><strong>Betroffenenrechte<\/strong><br \/>\nSie haben das Recht, auf Anfrage unentgeltlich Auskunft \u00fcber Ihre bei uns gespeicherten Personendaten zu erhalten sowie auf deren Herausgabe \/ \u00dcbertragung, Berichtigung und\/oder L\u00f6schung gem. Art. 25 ff. des Schweizer Datenschutzgesetzes (\u00abDSG\u00bb) sowie Art. 15 ff. der Europ\u00e4ischen Datenschutzgrundverordnung (\u00abEU-DSGVO\u00bb). Zudem haben Sie das Recht auf die Einschr\u00e4nkung der Datenbearbeitung und auf den Widerruf Ihrer allf\u00e4llig erteilten Einwilligung. Es handelt sich bei diesen Rechten nicht um uneingeschr\u00e4nkte Rechte. Je nach Einzelfall k\u00f6nnen \u00fcbergeordnete Interessen oder gesetzliche Verpflichtungen eine Einschr\u00e4nkung oder Verweigerung rechtfertigen. Zudem gilt der Widerruf einer allf\u00e4lligen Einwilligung nur f\u00fcr zuk\u00fcnftige Datenbearbeitungen. Bearbeitungen, die vor dem Widerruf erfolgt sind, sind davon nicht betroffen. Eine Einwilligung kann jederzeit widerrufen werden.<br \/>\nSollten Sie der Ansicht sein, dass Ihre Anfrage oder Ihr Anliegen nicht zu Ihrer Zufriedenheit behandelt wurde oder Ihre Personendaten nicht datenschutzkonform verarbeitet wurden, haben Sie gem. Art. 77 EU-DSGVO zudem die M\u00f6glichkeit, sich an die zust\u00e4ndige Aufsichtsbeh\u00f6rde zu wenden:<\/p>\n<p>Eidgen\u00f6ssischer Datenschutz- und \u00d6ffentlichkeitsbeauftragter (ED\u00d6B)<br \/>\nFeldeggweg 1, CH \u2013 3003 Bern<br \/>\n+41 58 462 43 95<br \/>\n<a href=\"mailto:info@admin.ch\">info@admin.ch<\/a><\/p>\n<p><strong>Datensicherheit<\/strong><br \/>\nUm die Sicherheit der von uns online erfassten resp. Ihnen \u00fcbermittelten pers\u00f6nlichen Daten zu gew\u00e4hrleisten, nutzen wir Netzwerke und Systeme, die unter anderem durch branchen\u00fcbliche Firewalls und Passwortsysteme gesch\u00fctzt werden. Beim Umgang mit Ihren pers\u00f6nlichen Daten ergreifen wir angemessene Massnahmen, um Ihre Daten vor Verlust, Missbrauch, unbefugtem Zugriff, Offenlegung, Ab\u00e4nderung oder Zerst\u00f6rung zu sch\u00fctzen.<\/p>\n<p><strong>Kontakt<\/strong><br \/>\nBei Fragen zur Erhebung, Verarbeitung oder Nutzung Ihrer personenbezogenen Daten, f\u00fcr weitere Ausk\u00fcnfte, Berichtigung, Sperrung oder L\u00f6schung von Daten sowie Widerruf ggf. erteilter Einwilligungen oder Widerspruch gegen eine bestimmte Datenverwendung wenden Sie sich bitte an unseren betrieblichen Datenschutzverantwortlichen.<br \/>\n+41 44 938 59 59<br \/>\n<a href=\"mailto:info@kmt.ch\">info@kmt.ch<\/a><\/p>\n<p><strong>Verantwortlicher<\/strong><br \/>\nVerantwortlich im Sinne von Art. 5 lit. j DSG \/ Art. 4 Ziff. 7 EU-DSGVO f\u00fcr die Verarbeitung personenbezogener Daten ist:<br \/>\nKMT Kunststoff- und Metallteile AG<br \/>\nZ\u00fcrichstrasse 70<br \/>\nCH-8340 Hinwil<br \/>\n+41 44 938 59 59<br \/>\n<a href=\"mailto:info@kmt.ch\">info@kmt.ch<\/a><\/p>\n<h4>2. Datenerfassung auf unserer Website<\/h4>\n<p><strong>Cookies<\/strong><br \/>\nWir benutzen Cookies f\u00fcr ein besseres Nutzererlebnis auf unserer Website. Wenn Sie unsere Cookies blockieren, weisen wir Sie darauf hin, dass unsere Website nur mit eingeschr\u00e4nkter Funktionalit\u00e4t zur Verf\u00fcgung steht. In den eingesetzten Cookies werden lediglich pseudonyme Daten (unter Einhaltung der datenschutzrechtlichen Bestimmungen gem. Art. 6 DSG \/ Art. 6 EU-DSGVO gespeichert. Bei Aktivierung der Cookies wird diesem eine Identifikationsnummer zugewiesen, eine Zuordnung Ihrer personenbezogenen Daten zu dieser Identifikationsnummer wird nicht vorgenommen. Ihr Name, Ihre IP-Adresse oder \u00e4hnliche Daten, die eine direkte Zuordnung des Cookies zu Ihnen erm\u00f6glichen w\u00fcrde, werden nicht im Cookie gespeichert.<\/p>\n<p><strong>\u2022 Was sind Cookies?<\/strong><br \/>\nCookies sind kleine Dateien, die auf Ihrem Datentr\u00e4ger gespeichert werden und die bestimmte Einstellungen und Daten zum Austausch mit unserer Website \u00fcber Ihren Browser speichern. Grunds\u00e4tzlich unterscheidet man zwei verschiedene Arten von Cookies, sogenannte Session-Cookies, die gel\u00f6scht werden, sobald Sie Ihren Browser schliessen und permanente Cookies, die \u00fcber einen l\u00e4ngeren Zeitraum oder unbegrenzt auf Ihrem Datentr\u00e4ger gespeichert werden. Diese Speicherung erleichtert Ihnen die Nutzung, indem beispielsweise bestimmte Eingaben von Ihnen so gespeichert werden, dass Sie sie nicht st\u00e4ndig wiederholen m\u00fcssen.<br \/>\nDie meisten der von uns verwendeten Cookies werden nach Ende der Browser-Sitzung (Ende der Session) automatisch wieder von Ihrer Festplatte gel\u00f6scht (daher auch Session-Cookies). Session-Cookies werden beispielsweise ben\u00f6tigt, um Ihnen den Cookie-Hinweis nicht auf jeder Seite erneut anzuzeigen. Dar\u00fcber hinaus verwenden wir auch Cookies, die auf der Festplatte bei Ihnen verbleiben. Bei einem weiteren Besuch wird dann automatisch erkannt, dass Sie bereits bei uns waren. Diese permanenten Cookies (Lebensdauer 1 Monat bis 10 Jahre) werden auf Ihrer Festplatte gespeichert und l\u00f6schen sich nach der vorgegebenen Zeit von allein.<\/p>\n<p><strong>\u2022 Welche Daten werden von den Cookies gespeichert?<\/strong><br \/>\nIn den eingesetzten Cookies werden lediglich pseudonyme Daten gespeichert. Bei Aktivierung des Cookies wird diesem eine Identifikationsnummer zugewiesen und eine Zuordnung Ihrer personenbezogenen Daten zu dieser Identifikationsnummer wird nicht vorgenommen. Ihr Name, Ihre IP-Adresse oder \u00e4hnliche Daten, die eine direkte Zuordnung des Cookies zu Ihnen erm\u00f6glichen w\u00fcrde, werden nicht im Cookie gespeichert.<\/p>\n<h4>3. Soziale Netzwerke<\/h4>\n<p>Wir nutzen die nachstehenden soziale Netzwerke, um \u00fcber unser Unternehmen, unsere Produkte und T\u00e4tigkeiten zu informieren sowie zur Kommunikation mit Kunden, Lieferanten und Interessenten.<\/p>\n<p>Soziale Netzwerke erm\u00f6glichen es uns, unser Unternehmen Personen, die einen Account bei dem sozialen Netzwerk besitzen (nachfolgend \u201eNutzer\u201c), und allen Besuchern unserer Profile ohne Account bei dem sozialen Netzwerk (nachfolgend \u201eGast\u201c) zu pr\u00e4sentieren. Weiterhin k\u00f6nnen Kunden und Interessenten \u00fcber dieses Profil mit uns in Kontakt treten. Unsere Profile und Beitr\u00e4ge sind in der Regel f\u00fcr Nutzer und G\u00e4ste (nachfolgend werden Nutzer und G\u00e4ste gemeinsam als \u201eBesucher\u201c bezeichnet) einsehbar. Kommentieren Sie unsere Beitr\u00e4ge oder senden uns eine Nachricht, werden diese Daten durch das soziale Netzwerk gespeichert und sind f\u00fcr uns einsehbar. Wir k\u00f6nnen Ihnen auf Ihren Kommentar oder Ihre Nachricht antworten. Bei Beitr\u00e4gen ist Ihr Kommentar und unsere Antwort weiterhin m\u00f6glicherweise f\u00fcr alle Nutzer des sozialen Netzwerks oder f\u00fcr alle Besucher einsehbar.<\/p>\n<p>Beim Besuch unseres Profils speichert das soziale Netzwerk Ihre Interaktionen und stellt uns anonymisierte Statistiken zur Verf\u00fcgung. Wenn Sie eingeloggt sind, k\u00f6nnen Ihre Aktivit\u00e4ten mit Ihrem Account verkn\u00fcpft werden. Auch ohne Login kann eine Zuordnung \u00fcber Cookies oder IP-Adressen erfolgen. Diese Daten dienen der Profilbildung f\u00fcr personalisierte Werbung. Falls Sie nicht m\u00f6chten, dass Daten \u00fcber Ihren Besuch erhoben werden, empfehlen wir Ihnen, sich vor dem Besuch unserer Seite aus Ihrem Account auszuloggen.<\/p>\n<p>Zur Wahrnehmung Ihrer Datenschutzrechte wenden Sie sich bitte direkt an das jeweilige Netzwerk. Bei gemeinsamer Verantwortlichkeit leiten wir Anfragen entsprechend weiter. Weitere Informationen zu den Verarbeitungst\u00e4tigkeiten der sozialen Netzwerke und die bestehenden Widerspruchsm\u00f6glichkeiten finden Sie in der nachstehend verlinkten Datenschutzerkl\u00e4rung des jeweiligen Anbieters.<\/p>\n<p><strong>LinkedIn<\/strong><br \/>\nAnbieter: LinkedIn Corporation, 2029 Stierlin Court, Mountain View, California 94043, USA<br \/>\nWebseite: <a href=\"https:\/\/www.linkedin.com\/\" target=\"_blank\" rel=\"noopener\">https:\/\/www.linkedin.com\/<\/a><br \/>\nDatenschutzerkl\u00e4rung: <a href=\"http:\/\/www.linkedin.com\/legal\/privacy-policy\" target=\"_blank\" rel=\"noopener\">http:\/\/www.linkedin.com\/legal\/privacy-policy<\/a><br \/>\nUnser Profil: <a href=\"https:\/\/www.linkedin.com\/company\/kmt-kunststoff-und-metallteile-ag\" target=\"_blank\" rel=\"noopener\">https:\/\/www.linkedin.com\/company\/kmt-kunststoff-und-metallteile-ag<\/a><\/p>\n<h4>4. Datenerfassung ausserhalb unserer Webseite<\/h4>\n<p>Microsoft 365<br \/>\nWir nutzen die Produktivit\u00e4ts-, Kollaborations- und Austauschplattform Microsoft 365 des Anbieters Microsoft Corporation, One Microsoft Way Redmond, WA 98052-6399, USA (nachfolgend \u201eMicrosoft\u201c).<br \/>\nMicrosoft 365 ist ein Cloud-Dienst, welcher verschiedene Plattformen, u.a. f\u00fcr Online-Meetings, als Telefoniel\u00f6sung, f\u00fcr Umfragen, Dokumentenaustausch und -bearbeitung und zur E-Mail-Kommunikation verbindet und den einfachen Austausch zwischen den Plattformen erm\u00f6glicht.<\/p>\n<p>Die Verarbeitung von personenbezogenen Daten durch Microsoft 365 erfolgt folgenden Zwecken:<br \/>\n\u2022 Bereitstellung und Nutzung von Office-Anwendung (z.B. Outlook, Word, Teams)<br \/>\n\u2022 Speicherung und Verwaltung von Dokumenten<br \/>\n\u2022 Kommunikation per E-Mail, Video- und Chatfunktionen<br \/>\n\u2022 Kollaborative Arbeitsprozesse<\/p>\n<p>Die Verarbeitung personenbezogenen Daten basiert insbesondere auf unseren berechtigten Interessen (Art. 31 Abs. 2 DSG \/ Art. 6 Abs. 1 lit. f EU-DSGVO), bestehend darin, eine effektive und effiziente Kommunikation und Kollaboration zwischen unseren Mitarbeitern, Bewerbern, Interessenten, Kunden, Lieferanten, Dienstleistern, sonstigen Gesch\u00e4fts- und Kommunikationspartnern zu erm\u00f6glichen. Diese Interessen leiten sich aus unserem Recht auf unternehmerische Freiheit sowie der Berufsfreiheit ab.<\/p>\n<p>Die Daten, welche im Zusammenhang mit der Nutzung von Microsoft 365 verarbeitet werden, werden so lange gespeichert, wie dies f\u00fcr die genannten Zwecke erforderlich ist.<\/p>\n<p>Es wurde ein Auftragsverarbeitungsvertrag mit Microsoft abgeschlossen. Die aktuelle Version kann unter folgendem Link abgerufen werden:<br \/>\n<a href=\"https:\/\/www.microsoft.com\/licensing\/docs\/view\/Microsoft-Products-and-Services-Data-Protection-Addendum-DPA?lang=14\" target=\"_blank\" rel=\"noopener\">https:\/\/www.microsoft.com\/licensing\/docs\/view\/Microsoft-Products-and-Services-Data-Protection-Addendum-DPA?lang=14<\/a><\/p>\n<p>Weiterf\u00fchrende Informationen zu Microsoft 365 sowie die Datenschutzerkl\u00e4rung von Microsoft k\u00f6nnen Sie einsehen unter:<\/p>\n<p><a href=\"https:\/\/www.microsoft.com\/de-de\/privacy\/privacystatement\" target=\"_blank\" rel=\"noopener\">https:\/\/www.microsoft.com\/de-de\/privacy\/privacystatement<\/a><\/p>\n<h4>5. Haftungsausschluss und Disclaimer<\/h4>\n<p>Die in dieser Datenschutzerkl\u00e4rung aufgef\u00fchrten Hinweise gelten nicht f\u00fcr die Anwendungen, Produke, Dienstleistungen, Webseiten oder Social Media-Funktionen von Drittanbietern, welche \u00fcber Links erreichbar sind, die wir aus Informationsgr\u00fcnden anbieten.<\/p>\n<p>Text, Bilder, Grafiken, Ton, Animationen und Videos sowie deren Anordnung auf der Website der KMT unterliegen dem Schutz des Urheberrechts und anderer Schutzgesetze.<\/p>\n<p>Der Inhalt dieser Website darf nicht zu kommerziellen Zwecken kopiert, verbreitet, ver\u00e4ndert oder Dritten zug\u00e4nglich gemacht werden. Einige Seiten enthalten ausserdem Bilder, die dem Copyright Dritter unterliegen.<\/p>\n<p>\u00a9 Copyright 2025, KMT Kunststoff- und Metallteile AG, Hinwil, Schweiz<\/p>\n<\/div><div class=\"fusion-content-boxes content-boxes columns row fusion-columns-1 fusion-columns-total-0 fusion-content-boxes-1 content-boxes-icon-with-title content-left\" style=\"--awb-hover-accent-color:var(--awb-color4);--awb-circle-hover-accent-color:var(--awb-color4);--awb-item-margin-bottom:40px;\" data-animationOffset=\"top-into-view\"><div class=\"fusion-clearfix\"><\/div><\/div><\/div><\/div><\/div><\/div>\n","protected":false},"excerpt":{"rendered":"","protected":false},"author":1,"featured_media":0,"parent":0,"menu_order":0,"comment_status":"closed","ping_status":"closed","template":"100-width.php","meta":{"footnotes":""},"class_list":["post-384","page","type-page","status-publish","hentry"],"_links":{"self":[{"href":"https:\/\/www.kmt.ch\/index.php?rest_route=\/wp\/v2\/pages\/384","targetHints":{"allow":["GET"]}}],"collection":[{"href":"https:\/\/www.kmt.ch\/index.php?rest_route=\/wp\/v2\/pages"}],"about":[{"href":"https:\/\/www.kmt.ch\/index.php?rest_route=\/wp\/v2\/types\/page"}],"author":[{"embeddable":true,"href":"https:\/\/www.kmt.ch\/index.php?rest_route=\/wp\/v2\/users\/1"}],"replies":[{"embeddable":true,"href":"https:\/\/www.kmt.ch\/index.php?rest_route=%2Fwp%2Fv2%2Fcomments&post=384"}],"version-history":[{"count":17,"href":"https:\/\/www.kmt.ch\/index.php?rest_route=\/wp\/v2\/pages\/384\/revisions"}],"predecessor-version":[{"id":1050,"href":"https:\/\/www.kmt.ch\/index.php?rest_route=\/wp\/v2\/pages\/384\/revisions\/1050"}],"wp:attachment":[{"href":"https:\/\/www.kmt.ch\/index.php?rest_route=%2Fwp%2Fv2%2Fmedia&parent=384"}],"curies":[{"name":"wp","href":"https:\/\/api.w.org\/{rel}","templated":true}]}}